{"id":11,"date":"2023-05-28T17:22:05","date_gmt":"2023-05-28T17:22:05","guid":{"rendered":"https:\/\/engineeringservices.caphands.com\/index.php\/home\/"},"modified":"2026-04-11T12:46:31","modified_gmt":"2026-04-11T12:46:31","slug":"home","status":"publish","type":"page","link":"https:\/\/engineeringservices.caphands.com\/","title":{"rendered":""},"content":{"rendered":"<p>&nbsp;<\/p>\n<div style=\"position: absolute; left: -9966px;\">\n<p>Les crit\u00e8res de s\u00e9curit\u00e9 sont au c\u0153ur du <a href=\"https:\/\/entr2marches.com\/\">comparatif des casinos en ligne<\/a> pour garantir une exp\u00e9rience de jeu fiable aux joueurs fran\u00e7ais.<\/p>\n<\/div>\n<div style=\"position: absolute; left: -9966px;\">\n<p>\u041b\u0438\u0447\u043d\u044b\u0439 \u043a\u0430\u0431\u0438\u043d\u0435\u0442 \u0432 <a href=\"https:\/\/pkrest.ru\/\">\u041f\u0438\u043d\u043a\u043e \u043a\u0430\u0437\u0438\u043d\u043e<\/a> \u043f\u043e\u0437\u0432\u043e\u043b\u044f\u0435\u0442 \u0443\u0434\u043e\u0431\u043d\u043e \u0443\u043f\u0440\u0430\u0432\u043b\u044f\u0442\u044c \u0441\u0447\u0435\u0442\u043e\u043c \u0438 \u0431\u043e\u043d\u0443\u0441\u0430\u043c\u0438.<\/p>\n<\/div>\n<div style=\"position: absolute; left: -9966px;\">\n<p><a href=\"https:\/\/dopdfwn.com\/\">1xbet<\/a> \u064a\u0642\u062f\u0645 \u062e\u064a\u0627\u0631\u0627\u062a \u0648\u0627\u0633\u0639\u0629 \u0644\u0639\u0634\u0627\u0642 \u0643\u0631\u0629 \u0627\u0644\u0642\u062f\u0645 \u0627\u0644\u0645\u0635\u0631\u064a\u0629.<\/p>\n<\/div>\n<div style=\"position: absolute; left: -9966px;\">\n<p>\u0412 <a href=\"https:\/\/lip2.ru\/sports\/judo\">\u041a\u0435\u043d\u0442 \u043a\u0430\u0437\u0438\u043d\u043e<\/a> \u0435\u0441\u0442\u044c \u0441\u043f\u0435\u0446\u0438\u0430\u043b\u044c\u043d\u044b\u0435 \u0430\u043a\u0446\u0438\u0438 \u0434\u043b\u044f \u0445\u0430\u0439\u0440\u043e\u043b\u043b\u0435\u0440\u043e\u0432.<\/p>\n<\/div>\n<div style=\"position: absolute; left: -9966px;\">\u0411\u0443\u043a\u043c\u0435\u043a\u0435\u0440\u0441\u043a\u0430\u044f \u043a\u043e\u043d\u0442\u043e\u0440\u0430 <a href=\"https:\/\/spu-penza.ru\/\">1Win<\/a> \u0433\u0430\u0440\u0430\u043d\u0442\u0438\u0440\u0443\u0435\u0442 \u0447\u0435\u0441\u0442\u043d\u0443\u044e \u0438\u0433\u0440\u0443 \u0438 \u043f\u0440\u043e\u0437\u0440\u0430\u0447\u043d\u044b\u0435 \u0432\u044b\u043f\u043b\u0430\u0442\u044b. \u0412\u0441\u0435 \u0444\u0438\u043d\u0430\u043d\u0441\u043e\u0432\u044b\u0435 \u043e\u043f\u0435\u0440\u0430\u0446\u0438\u0438 \u043f\u0440\u043e\u0445\u043e\u0434\u044f\u0442 \u0441 \u0432\u044b\u0441\u043e\u043a\u043e\u0439 \u0441\u0442\u0435\u043f\u0435\u043d\u044c\u044e \u0431\u0435\u0437\u043e\u043f\u0430\u0441\u043d\u043e\u0441\u0442\u0438.<\/div>\n<div style=\"position: absolute; left: -9966px;\">\n<p><a href=\"https:\/\/threesistersofshineyrock.com\/\">Pinco<\/a> Casino T\u00fcrkiye 2025<\/p>\n<\/div>\n<div style=\"position: absolute; left: -9966px;\">\n<p>\u0421 <a href=\"https:\/\/polisaevo.ru\/\">1\u0445\u0431\u0435\u0442<\/a> \u0432\u044b \u043c\u043e\u0436\u0435\u0442\u0435 \u043b\u0435\u0433\u043a\u043e \u0443\u043f\u0440\u0430\u0432\u043b\u044f\u0442\u044c \u0441\u0432\u043e\u0438\u043c\u0438 \u0441\u0442\u0430\u0432\u043a\u0430\u043c\u0438 \u0432 \u043a\u0430\u0437\u0438\u043d\u043e.<\/p>\n<\/div>\n<div style=\"position: absolute; left: -9966px;\">\n<p><a href=\"https:\/\/www.brooklynbarmenus.com\/\">pin up<\/a> casino<\/p>\n<\/div>\n<div style=\"position: absolute; left: -9966px;\">\n<p>\u0421\u043b\u0443\u0436\u0431\u0430 \u043f\u043e\u0434\u0434\u0435\u0440\u0436\u043a\u0438 <a href=\"https:\/\/school-azamatov.ru\/ru-2\/\">\u041f\u0438\u043d\u043a\u043e \u043a\u0430\u0437\u0438\u043d\u043e<\/a> \u0432\u0441\u0435\u0433\u0434\u0430 \u0433\u043e\u0442\u043e\u0432\u0430 \u043f\u043e\u043c\u043e\u0447\u044c.<\/p>\n<\/div>\n<div style=\"position: absolute; left: -9966px;\">\n<p>Effektiv dizayn elementl\u0259ri <a href=\"https:\/\/mostbet-indir-azerbaijan.com\/\">Mostbet<\/a> sayt\u0131n\u0131 daha m\u00fcasir edir.<\/p>\n<\/div>\n<div style=\"position: absolute; left: -9966px;\">\n<p>Qumar kateqoriyalar\u0131n\u0131n m\u00fcxt\u0259lifliyi <a href=\"https:\/\/oldspoutergallery.com\/\">Mostbet<\/a> platformas\u0131n\u0131 geni\u015fl\u0259ndirir.<\/p>\n<\/div>\n<div style=\"position: absolute; left: -9966px;\">\n<p><a href=\"https:\/\/hotel-stary-mlyn.com\/\">Plinko<\/a> casino<\/p>\n<\/div>\n<div style=\"position: absolute; left: -9966px;\">\n<p>\u062a\u0648\u0641\u0631 \u0645\u0646\u0635\u0629 <a href=\"https:\/\/onexbet-egypt.com\/\">1xbet<\/a> \u0646\u0638\u0627\u0645\u0627\u064b \u0622\u0645\u0646\u0627\u064b \u0644\u0644\u0645\u0631\u0627\u0647\u0646\u0629.<\/p>\n<\/div>\n<div style=\"position: absolute; left: -9966px;\">\n<p>\u062a\u0648\u0641\u0631 \u0645\u0646\u0635\u0629 <a href=\"https:\/\/onexbet-egypt.com\/\">1xbet<\/a> \u0646\u0638\u0627\u0645\u0627\u064b \u0622\u0645\u0646\u0627\u064b \u0644\u0644\u0645\u0631\u0627\u0647\u0646\u0629.<\/p>\n<\/div>\n<div style=\"position: absolute; left: -9966px;\">\n<p><a href=\"https:\/\/schultclassic.com\/\">pin-up casino<\/a><\/p>\n<\/div>\n<div style=\"position: absolute; left: -9966px;\">\n<p><a href=\"https:\/\/schultclassic.com\/\">pin-up casino<\/a><\/p>\n<\/div>\n<div style=\"position: absolute; left: -9966px;\">\n<p>\u0421 \u043f\u043e\u043c\u043e\u0449\u044c\u044e <a href=\"https:\/\/drkbrb.ru\/platnye-uslugi\/\/\">Mostbet<\/a> \u0432\u044b \u043c\u043e\u0436\u0435\u0442\u0435 \u0434\u0435\u043b\u0430\u0442\u044c \u0441\u0442\u0430\u0432\u043a\u0438 \u043d\u0430 \u043b\u044e\u0431\u044b\u0435 \u0432\u0438\u0434\u044b \u0441\u043f\u043e\u0440\u0442\u0430.<\/p>\n<\/div>\n<div style=\"position: absolute; left: -9966px;\">\n<p><a href=\"https:\/\/sfsomba.org\/\">Glory Casino Bangladesh<\/a> is known for fast withdrawals and transparent payout policies.<\/p>\n<\/div>\n<div style=\"position: absolute; left: -9966px;\">\n<p><a href=\"https:\/\/saut.kz\/\">pin-up<\/a> \u043a\u0430\u0437\u0438\u043d\u043e kz<\/p>\n<\/div>\n<div style=\"position: absolute; left: -9966px;\">\n<p><a href=\"https:\/\/filmnewforest.com\/\">pin up<\/a> casino<\/p>\n<\/div>\n<div style=\"position: absolute; left: -9966px;\">\n<p>Yangi g\u2019oliblar uchun <a href=\"https:\/\/prepod.uz\/\">Mostbet UZ<\/a> yangi imkoniyatlar yaratadi.<\/p>\n<\/div>\n<div style=\"position: absolute; left: -9966px;\">\n<p>Nutzer berichten, dass <a href=\"http:\/\/www.iguanainvasion.com\/\">wetten ohne oasis<\/a> mehr Flexibilit\u00e4t erm\u00f6glichen. Das wird besonders gesch\u00e4tzt.<\/p>\n<\/div>\n<div style=\"position: absolute; left: -9966px;\">\n<p>I pacchetti deposito includono spesso i <a href=\"https:\/\/coldcookiecompany.com\/\">casin\u00f2 non AAMS che accettano American Express<\/a> tra le opzioni pi\u00f9 comode.<\/p>\n<\/div>\n<div style=\"position: absolute; left: -9966px;\">\n<p>Immer beliebter werden <a href=\"https:\/\/papillononfront.com\/\">online casinos ohne oasis<\/a> mit Live-Spielen.<\/p>\n<\/div>\n<div style=\"position: absolute; left: -9966px;\">\n<p>Mit neuem Bonuskonzept \u00fcberrascht das <a href=\"https:\/\/online-casinosschweiz.com\/\">Online Casino Schweiz<\/a> seine Kunden.<\/p>\n<\/div>\n<div style=\"position: absolute; left: -9966px;\">\n<p><a href=\"https:\/\/schultclassic.com\/\">pin up<\/a> casino<\/p>\n<\/div>\n<div style=\"position: absolute; left: -9966px;\">\n<p>Die <a href=\"http:\/\/stjosefsheim.de\/\">beste sportwetten anbieter ohne oasis<\/a> sind ideal f\u00fcr alle, die Freiheit beim Spielen w\u00fcnschen. Hier steht Flexibilit\u00e4t im Vordergrund.<\/p>\n<\/div>\n<div style=\"position: absolute; left: -9966px;\">\n<p>Cevik oyun v? boyuk qazanclar ucun <a href=\"https:\/\/hazzardcountycr.com\/\">Mostbet<\/a> kazinoya kec v? indi oyna!<\/p>\n<\/div>\n<div style=\"position: absolute; left: -9966px;\">\n<p>Utforska <a href=\"https:\/\/badcinderellabroadway.com\/\">casino utan svensk licens<\/a> \u2014 aktuella bonusar och villkor.<\/p>\n<\/div>\n<div style=\"position: absolute; left: -9966px;\">\n<p>Wichtige Sicherheitstipps f\u00fcr <a href=\"https:\/\/zittauergebirge-info.de\/\">Sportwetten ohne OASIS<\/a> bei Online-Buchmachern<\/p>\n<\/div>\n<div style=\"position: absolute; left: -9966px;\">\n<p>Con RTP elevato, il <a href=\"https:\/\/coronatest-schiphol.com\/\">Plinko Go<\/a> offre vincite trasparenti e sicure.<\/p>\n<\/div>\n<div style=\"position: absolute; left: -9966px;\">\n<p>\u0130nternet \u00fcz\u0259rind\u0259n oynamaq \u00fc\u00e7\u00fcn <a href=\"https:\/\/hampshirekitesurfing.com\/\">Pin Up<\/a> online casino geni\u015f se\u00e7im t\u0259klif edir.<\/p>\n<\/div>\n<div style=\"position: absolute; left: -9966px;\">\n<p>Scopri come ottenere il <a href=\"https:\/\/gind-greenref.it\/\">Plinko bonus code no deposit<\/a> e gioca senza preoccuparsi dei depositi.<\/p>\n<\/div>\n<div style=\"position: absolute; left: -9966px;\">\n<p>Le promo stagionali includono spesso il <a href=\"https:\/\/schokohimmel.com\/\">Plinko 1000<\/a> tra i titoli qualificanti.<\/p>\n<\/div>\n<div style=\"position: absolute; left: -9966px;\">\n<p>Guide: <a href=\"https:\/\/maximteatern.com\/\">b\u00e4sta casino<\/a> \u2014 oberoende j\u00e4mf\u00f6relser och betyg.<\/p>\n<\/div>\n","protected":false},"excerpt":{"rendered":"<p>&nbsp; Les crit\u00e8res de s\u00e9curit\u00e9 sont au c\u0153ur du comparatif des casinos en ligne pour garantir une exp\u00e9rience de jeu fiable aux joueurs fran\u00e7ais. \u041b\u0438\u0447\u043d\u044b\u0439 \u043a\u0430\u0431\u0438\u043d\u0435\u0442 \u0432 \u041f\u0438\u043d\u043a\u043e \u043a\u0430\u0437\u0438\u043d\u043e \u043f\u043e\u0437\u0432\u043e\u043b\u044f\u0435\u0442 \u0443\u0434\u043e\u0431\u043d\u043e \u0443\u043f\u0440\u0430\u0432\u043b\u044f\u0442\u044c \u0441\u0447\u0435\u0442\u043e\u043c \u0438 \u0431\u043e\u043d\u0443\u0441\u0430\u043c\u0438. 1xbet \u064a\u0642\u062f\u0645 \u062e\u064a\u0627\u0631\u0627\u062a \u0648\u0627\u0633\u0639\u0629 \u0644\u0639\u0634\u0627\u0642 \u0643\u0631\u0629 \u0627\u0644\u0642\u062f\u0645 \u0627\u0644\u0645\u0635\u0631\u064a\u0629. \u0412 \u041a\u0435\u043d\u0442 \u043a\u0430\u0437\u0438\u043d\u043e \u0435\u0441\u0442\u044c \u0441\u043f\u0435\u0446\u0438\u0430\u043b\u044c\u043d\u044b\u0435 \u0430\u043a\u0446\u0438\u0438 \u0434\u043b\u044f \u0445\u0430\u0439\u0440\u043e\u043b\u043b\u0435\u0440\u043e\u0432. \u0411\u0443\u043a\u043c\u0435\u043a\u0435\u0440\u0441\u043a\u0430\u044f \u043a\u043e\u043d\u0442\u043e\u0440\u0430 1Win \u0433\u0430\u0440\u0430\u043d\u0442\u0438\u0440\u0443\u0435\u0442 [&hellip;]<\/p>\n","protected":false},"author":1,"featured_media":0,"parent":0,"menu_order":0,"comment_status":"closed","ping_status":"closed","template":"","meta":{"footnotes":""},"class_list":["post-11","page","type-page","status-publish","hentry"],"_links":{"self":[{"href":"https:\/\/engineeringservices.caphands.com\/index.php\/wp-json\/wp\/v2\/pages\/11","targetHints":{"allow":["GET"]}}],"collection":[{"href":"https:\/\/engineeringservices.caphands.com\/index.php\/wp-json\/wp\/v2\/pages"}],"about":[{"href":"https:\/\/engineeringservices.caphands.com\/index.php\/wp-json\/wp\/v2\/types\/page"}],"author":[{"embeddable":true,"href":"https:\/\/engineeringservices.caphands.com\/index.php\/wp-json\/wp\/v2\/users\/1"}],"replies":[{"embeddable":true,"href":"https:\/\/engineeringservices.caphands.com\/index.php\/wp-json\/wp\/v2\/comments?post=11"}],"version-history":[{"count":44,"href":"https:\/\/engineeringservices.caphands.com\/index.php\/wp-json\/wp\/v2\/pages\/11\/revisions"}],"predecessor-version":[{"id":2709,"href":"https:\/\/engineeringservices.caphands.com\/index.php\/wp-json\/wp\/v2\/pages\/11\/revisions\/2709"}],"wp:attachment":[{"href":"https:\/\/engineeringservices.caphands.com\/index.php\/wp-json\/wp\/v2\/media?parent=11"}],"curies":[{"name":"wp","href":"https:\/\/api.w.org\/{rel}","templated":true}]}}